{"id":99,"date":"2018-04-02T09:50:58","date_gmt":"2018-04-02T09:50:58","guid":{"rendered":"http:\/\/thoelke-engineering.de\/?page_id=99"},"modified":"2024-12-27T16:59:37","modified_gmt":"2024-12-27T16:59:37","slug":"sv-profil","status":"publish","type":"page","link":"https:\/\/thoelke-engineering.de\/?page_id=99","title":{"rendered":"SV Profil"},"content":{"rendered":"\t\t<div data-elementor-type=\"wp-page\" data-elementor-id=\"99\" class=\"elementor elementor-99\">\n\t\t\t\t<div class=\"elementor-element elementor-element-5d791584 e-flex e-con-boxed e-con e-parent\" data-id=\"5d791584\" data-element_type=\"container\">\n\t\t\t\t\t<div class=\"e-con-inner\">\n\t\t\t\t<div class=\"elementor-element elementor-element-5c95172 elementor-widget elementor-widget-heading\" data-id=\"5c95172\" data-element_type=\"widget\" data-widget_type=\"heading.default\">\n\t\t\t\t<div class=\"elementor-widget-container\">\n\t\t\t\t\t<h2 class=\"elementor-heading-title elementor-size-default\">Sachverst\u00e4ndigen Profil<\/h2>\t\t\t\t<\/div>\n\t\t\t\t<\/div>\n\t\t\t\t<div class=\"elementor-element elementor-element-8ae4296 elementor-widget elementor-widget-image\" data-id=\"8ae4296\" data-element_type=\"widget\" data-widget_type=\"image.default\">\n\t\t\t\t<div class=\"elementor-widget-container\">\n\t\t\t\t\t\t\t\t\t\t\t\t\t\t\t<img fetchpriority=\"high\" decoding=\"async\" width=\"800\" height=\"268\" src=\"https:\/\/thoelke-engineering.de\/wp-content\/uploads\/2018\/04\/161b23e89b5-e1522661516531-1024x343.jpg\" class=\"attachment-large size-large wp-image-79\" alt=\"\" srcset=\"https:\/\/thoelke-engineering.de\/wp-content\/uploads\/2018\/04\/161b23e89b5-e1522661516531-1024x343.jpg 1024w, https:\/\/thoelke-engineering.de\/wp-content\/uploads\/2018\/04\/161b23e89b5-e1522661516531-300x101.jpg 300w, https:\/\/thoelke-engineering.de\/wp-content\/uploads\/2018\/04\/161b23e89b5-e1522661516531-768x258.jpg 768w\" sizes=\"(max-width: 800px) 100vw, 800px\" \/>\t\t\t\t\t\t\t\t\t\t\t\t\t\t\t<\/div>\n\t\t\t\t<\/div>\n\t\t\t\t<div class=\"elementor-element elementor-element-2ce495b4 elementor-widget elementor-widget-text-editor\" data-id=\"2ce495b4\" data-element_type=\"widget\" data-widget_type=\"text-editor.default\">\n\t\t\t\t<div class=\"elementor-widget-container\">\n\t\t\t\t\t\t\t\t\t<h4>Karl F. W. Thoelke<\/h4><p><strong>Dipl.-Ing. Elektrotechnik<\/strong><br \/>\u00d6ffentlich bestellt und vereidigt (IHK Mittlerer Niederrhein) f\u00fcr:<br \/>Informationsverarbeitung, Visualisierung und Industriesteuerungen (SPS) in der Automatisierungstechnik<\/p><div><hr \/><\/div><h4>T\u00e4tigkeitsbereiche &amp; Schwerpunkte<\/h4><p><strong>Gutachten und Beratung:<\/strong><\/p><ul data-spread=\"false\"><li><p>Tatsachengutachten<\/p><\/li><li><p>Privatgutachten<\/p><\/li><li><p>Softwarebegutachtung<\/p><\/li><li><p>Schadensermittlung<\/p><\/li><li><p>Wertermittlung<\/p><\/li><li><p>Beratung<\/p><\/li><\/ul><p><strong>Spezialgebiete:<\/strong><\/p><ul data-spread=\"false\"><li><p>Automatisierung<\/p><\/li><li><p>Visualisierung \/ Prozessleittechnik (InTouch, WinCC, ProTool, Citect)<\/p><\/li><li><p>Speicherprogrammierbare Steuerungen (SPS)<\/p><\/li><li><p>Steuerungssoftware (Simatic, Step7, Allen Bradley)<\/p><\/li><li><p>Antriebstechnik<\/p><\/li><li><p>Robotersteuerungen<\/p><\/li><li><p>Mess-, Steuer- und Regeltechnik<\/p><\/li><li><p>Mikroprozessorsteuerungen<\/p><\/li><li><p>Netzwerke<\/p><\/li><li><p>Softwareentwicklung<\/p><\/li><li><p>Datenverarbeitung<\/p><\/li><li><p>Datenbanken (Access \/ SQL)<\/p><\/li><\/ul><div><hr \/><\/div><h4>Branchen &amp; Zielgruppen<\/h4><ul data-spread=\"false\"><li><p>Maschinenbau<\/p><\/li><li><p>Anlagenbau<\/p><\/li><li><p>Automobilindustrie<\/p><\/li><li><p>Schaltanlagen<\/p><\/li><li><p>Verarbeitende Industrie<\/p><\/li><li><p>Verpackungsindustrie<\/p><\/li><li><p>Energieerzeugung und -verteilung<\/p><\/li><li><p>Umwelttechnik<\/p><\/li><li><p>Versicherungen<\/p><\/li><\/ul><div><hr \/><\/div><h4>Tipp<\/h4><p><strong>Vertrauen Sie der \u00f6ffentlichen Bestellung.<\/strong><br \/>Sie bietet Ihnen gepr\u00fcfte Sachkunde und Vertrauensw\u00fcrdigkeit und erleichtert die Auswahl eines geeigneten Sachverst\u00e4ndigen.<\/p><p>\u00a0<\/p>\t\t\t\t\t\t\t\t<\/div>\n\t\t\t\t<\/div>\n\t\t\t\t\t<\/div>\n\t\t\t\t<\/div>\n\t\t\t\t<\/div>\n\t\t","protected":false},"excerpt":{"rendered":"<p>Sachverst\u00e4ndigen Profil Karl F. W. Thoelke Dipl.-Ing. Elektrotechnik\u00d6ffentlich bestellt und vereidigt (IHK Mittlerer Niederrhein) f\u00fcr:Informationsverarbeitung, Visualisierung und Industriesteuerungen (SPS) in der Automatisierungstechnik T\u00e4tigkeitsbereiche &amp; Schwerpunkte Gutachten und Beratung: Tatsachengutachten Privatgutachten Softwarebegutachtung Schadensermittlung Wertermittlung Beratung Spezialgebiete: Automatisierung Visualisierung \/ Prozessleittechnik (InTouch, WinCC, ProTool, Citect) Speicherprogrammierbare Steuerungen (SPS) Steuerungssoftware (Simatic, Step7, Allen Bradley) Antriebstechnik Robotersteuerungen Mess-, Steuer- [&hellip;]<\/p>\n","protected":false},"author":1,"featured_media":0,"parent":15,"menu_order":0,"comment_status":"closed","ping_status":"closed","template":"","meta":{"footnotes":""},"class_list":["post-99","page","type-page","status-publish","hentry"],"_links":{"self":[{"href":"https:\/\/thoelke-engineering.de\/index.php?rest_route=\/wp\/v2\/pages\/99","targetHints":{"allow":["GET"]}}],"collection":[{"href":"https:\/\/thoelke-engineering.de\/index.php?rest_route=\/wp\/v2\/pages"}],"about":[{"href":"https:\/\/thoelke-engineering.de\/index.php?rest_route=\/wp\/v2\/types\/page"}],"author":[{"embeddable":true,"href":"https:\/\/thoelke-engineering.de\/index.php?rest_route=\/wp\/v2\/users\/1"}],"replies":[{"embeddable":true,"href":"https:\/\/thoelke-engineering.de\/index.php?rest_route=%2Fwp%2Fv2%2Fcomments&post=99"}],"version-history":[{"count":8,"href":"https:\/\/thoelke-engineering.de\/index.php?rest_route=\/wp\/v2\/pages\/99\/revisions"}],"predecessor-version":[{"id":318,"href":"https:\/\/thoelke-engineering.de\/index.php?rest_route=\/wp\/v2\/pages\/99\/revisions\/318"}],"up":[{"embeddable":true,"href":"https:\/\/thoelke-engineering.de\/index.php?rest_route=\/wp\/v2\/pages\/15"}],"wp:attachment":[{"href":"https:\/\/thoelke-engineering.de\/index.php?rest_route=%2Fwp%2Fv2%2Fmedia&parent=99"}],"curies":[{"name":"wp","href":"https:\/\/api.w.org\/{rel}","templated":true}]}}