{"id":93,"date":"2018-04-02T09:47:07","date_gmt":"2018-04-02T09:47:07","guid":{"rendered":"http:\/\/thoelke-engineering.de\/?page_id=93"},"modified":"2024-12-27T17:12:38","modified_gmt":"2024-12-27T17:12:38","slug":"gutachten","status":"publish","type":"page","link":"https:\/\/thoelke-engineering.de\/?page_id=93","title":{"rendered":"Gutachten"},"content":{"rendered":"\t\t<div data-elementor-type=\"wp-page\" data-elementor-id=\"93\" class=\"elementor elementor-93\">\n\t\t\t\t<div class=\"elementor-element elementor-element-42f69370 e-flex e-con-boxed e-con e-parent\" data-id=\"42f69370\" data-element_type=\"container\">\n\t\t\t\t\t<div class=\"e-con-inner\">\n\t\t\t\t<div class=\"elementor-element elementor-element-1731fa7 elementor-widget elementor-widget-image\" data-id=\"1731fa7\" data-element_type=\"widget\" data-widget_type=\"image.default\">\n\t\t\t\t<div class=\"elementor-widget-container\">\n\t\t\t\t\t\t\t\t\t\t\t\t\t\t\t<img fetchpriority=\"high\" decoding=\"async\" width=\"800\" height=\"268\" src=\"https:\/\/thoelke-engineering.de\/wp-content\/uploads\/2018\/04\/161b23e89b5-e1522661516531-1024x343.jpg\" class=\"attachment-large size-large wp-image-79\" alt=\"\" srcset=\"https:\/\/thoelke-engineering.de\/wp-content\/uploads\/2018\/04\/161b23e89b5-e1522661516531-1024x343.jpg 1024w, https:\/\/thoelke-engineering.de\/wp-content\/uploads\/2018\/04\/161b23e89b5-e1522661516531-300x101.jpg 300w, https:\/\/thoelke-engineering.de\/wp-content\/uploads\/2018\/04\/161b23e89b5-e1522661516531-768x258.jpg 768w\" sizes=\"(max-width: 800px) 100vw, 800px\" \/>\t\t\t\t\t\t\t\t\t\t\t\t\t\t\t<\/div>\n\t\t\t\t<\/div>\n\t\t\t\t<div class=\"elementor-element elementor-element-2e995224 elementor-widget elementor-widget-text-editor\" data-id=\"2e995224\" data-element_type=\"widget\" data-widget_type=\"text-editor.default\">\n\t\t\t\t<div class=\"elementor-widget-container\">\n\t\t\t\t\t\t\t\t\t<h3 data-pm-slice=\"1 1 []\"><span style=\"color: var( --e-global-color-primary ); font-family: var( --e-global-typography-392b9e0-font-family ), Sans-serif; font-size: var( --e-global-typography-392b9e0-font-size ); font-style: var( --e-global-typography-392b9e0-font-style ); font-weight: var( --e-global-typography-392b9e0-font-weight ); letter-spacing: var( --e-global-typography-392b9e0-letter-spacing ); text-transform: var( --e-global-typography-392b9e0-text-transform ); text-align: var(--text-align); background-color: var( --e-global-color-c696dce );\">Arten von Gutachten<\/span><\/h3><p>In der Sachverst\u00e4ndigent\u00e4tigkeit werden drei grundlegende Arten von Gutachten unterschieden:<\/p><div><hr \/><\/div><p><strong>1. Gerichtsgutachten<\/strong><\/p><p>Ein \u00f6ffentlich bestellter und vereidigter Sachverst\u00e4ndiger wird im Rahmen von Gerichtsverfahren mit der Erstellung eines Gutachtens beauftragt. Auftraggeber ist hierbei stets das zust\u00e4ndige Gericht.<\/p><p><strong>Einsatzbereiche:<\/strong><\/p><ul data-spread=\"false\"><li><p>In einem selbst\u00e4ndigen Beweisverfahren, um z. B. das Vorhandensein von M\u00e4ngeln zu kl\u00e4ren.<\/p><\/li><li><p>In einem Hauptverfahren, um strittige Sachverhalte zu erl\u00e4utern, etwa ob behauptete M\u00e4ngel tats\u00e4chlich vorliegen.<\/p><\/li><\/ul><p>Das Gericht w\u00e4hlt den geeigneten Sachverst\u00e4ndigen aus, gegebenenfalls auf Vorschlag der Parteien. Sachverst\u00e4ndige d\u00fcrfen ausschlie\u00dflich Gutachten innerhalb ihres Vereidigungsgebiets erstellen.<\/p><div><hr \/><\/div><p><strong>2. Schiedsgutachten<\/strong><\/p><p>Ziel eines Schiedsgutachtens ist die verbindliche Kl\u00e4rung von Meinungsverschiedenheiten zwischen Vertragsparteien durch einen unabh\u00e4ngigen, unparteiischen und fachlich kompetenten Sachverst\u00e4ndigen, ohne den Gang vor Gericht. Dieser bleibt jedoch unter bestimmten Voraussetzungen m\u00f6glich.<\/p><p><strong>Aufgaben des Schiedsgutachters:<\/strong><\/p><ul data-spread=\"false\"><li><p>Kl\u00e4rung zweifelhafter oder umstrittener Punkte im Rahmen eines Rechtsverh\u00e4ltnisses.<\/p><\/li><li><p>Begutachtung von Sachverhalten, die nicht gegen gesetzliche Normen versto\u00dfen.<\/p><\/li><\/ul><p><strong>Beispiele f\u00fcr gutachterliche T\u00e4tigkeiten:<\/strong><\/p><ul data-spread=\"false\"><li><p><strong>Tatsachengutachten:<\/strong> Untersuchung und Beurteilung von Anlagen, Einrichtungen, Warenlieferungen oder Werkleistungen; Analyse von Abrechnungsdifferenzen, Schadensfeststellung oder Ursachenzusammenh\u00e4ngen.<\/p><\/li><li><p><strong>Wert- oder Sch\u00e4tzgutachten:<\/strong> Feststellung des Marktwertes von Waren, Maschinen oder Unternehmen.<\/p><\/li><li><p><strong>Anpassungsgutachten:<\/strong> Anpassung von Leistungen wie Mieten an ge\u00e4nderte wirtschaftliche Verh\u00e4ltnisse auf Grundlage vertraglich definierter Ma\u00dfst\u00e4be.<\/p><\/li><\/ul><p><strong>Schiedsgutachtenvereinbarung:<\/strong> Um zeit- und kostenintensive Gerichtsverfahren zu vermeiden, k\u00f6nnen Vertragsparteien eine Schiedsgutachtenvereinbarung treffen. Dabei verpflichten sie sich, Streitfragen durch einen Schiedsgutachter kl\u00e4ren zu lassen. Solche Vereinbarungen k\u00f6nnen auch im Rahmen eines bereits laufenden Gerichtsverfahrens getroffen werden.<\/p><p>Weiterf\u00fchrende Informationen finden Sie in der Publikation &#8222;Das Schiedsgutachten \u2013 Merkblatt f\u00fcr den Sachverst\u00e4ndigen und seine Auftraggeber&#8220; (Autor: Dr. Peter Bleutge, Institut f\u00fcr Sachverst\u00e4ndigenwesen).<\/p><div><hr \/><\/div><p><strong>3. Privatgutachten<\/strong><\/p><p>Ein \u00f6ffentlich bestellter und vereidigter Sachverst\u00e4ndiger erstellt innerhalb seines Bestellungsgebiets gutachterliche Stellungnahmen im Auftrag privater Auftraggeber.<\/p><p><strong>Anwendungsbeispiele:<\/strong><\/p><ul data-spread=\"false\"><li><p>Stellungnahmen zu technischen Ausf\u00fchrungen und zur Einhaltung anerkannter Regeln der Technik.<\/p><\/li><li><p>L\u00f6sungsvorschl\u00e4ge bei projektspezifischen Problemstellungen, die nicht durch Normen oder Regelwerke abgedeckt sind.<\/p><\/li><li><p>Kl\u00e4rung von Streitf\u00e4llen zwischen Auftraggebern und Auftragnehmern hinsichtlich technischer Ausf\u00fchrungen.<\/p><\/li><\/ul><p>Privatgutachten dienen der objektiven Darstellung und Kl\u00e4rung technischer Fragestellungen im jeweiligen Bestellungsgebiet des Sachverst\u00e4ndigen.<\/p><p>\u00a0<\/p>\t\t\t\t\t\t\t\t<\/div>\n\t\t\t\t<\/div>\n\t\t\t\t\t<\/div>\n\t\t\t\t<\/div>\n\t\t\t\t<\/div>\n\t\t","protected":false},"excerpt":{"rendered":"<p>Arten von Gutachten In der Sachverst\u00e4ndigent\u00e4tigkeit werden drei grundlegende Arten von Gutachten unterschieden: 1. Gerichtsgutachten Ein \u00f6ffentlich bestellter und vereidigter Sachverst\u00e4ndiger wird im Rahmen von Gerichtsverfahren mit der Erstellung eines Gutachtens beauftragt. Auftraggeber ist hierbei stets das zust\u00e4ndige Gericht. Einsatzbereiche: In einem selbst\u00e4ndigen Beweisverfahren, um z. B. das Vorhandensein von M\u00e4ngeln zu kl\u00e4ren. In einem [&hellip;]<\/p>\n","protected":false},"author":1,"featured_media":0,"parent":15,"menu_order":0,"comment_status":"closed","ping_status":"closed","template":"","meta":{"footnotes":""},"class_list":["post-93","page","type-page","status-publish","hentry"],"_links":{"self":[{"href":"https:\/\/thoelke-engineering.de\/index.php?rest_route=\/wp\/v2\/pages\/93","targetHints":{"allow":["GET"]}}],"collection":[{"href":"https:\/\/thoelke-engineering.de\/index.php?rest_route=\/wp\/v2\/pages"}],"about":[{"href":"https:\/\/thoelke-engineering.de\/index.php?rest_route=\/wp\/v2\/types\/page"}],"author":[{"embeddable":true,"href":"https:\/\/thoelke-engineering.de\/index.php?rest_route=\/wp\/v2\/users\/1"}],"replies":[{"embeddable":true,"href":"https:\/\/thoelke-engineering.de\/index.php?rest_route=%2Fwp%2Fv2%2Fcomments&post=93"}],"version-history":[{"count":14,"href":"https:\/\/thoelke-engineering.de\/index.php?rest_route=\/wp\/v2\/pages\/93\/revisions"}],"predecessor-version":[{"id":331,"href":"https:\/\/thoelke-engineering.de\/index.php?rest_route=\/wp\/v2\/pages\/93\/revisions\/331"}],"up":[{"embeddable":true,"href":"https:\/\/thoelke-engineering.de\/index.php?rest_route=\/wp\/v2\/pages\/15"}],"wp:attachment":[{"href":"https:\/\/thoelke-engineering.de\/index.php?rest_route=%2Fwp%2Fv2%2Fmedia&parent=93"}],"curies":[{"name":"wp","href":"https:\/\/api.w.org\/{rel}","templated":true}]}}