{"id":6,"date":"2018-04-01T16:00:35","date_gmt":"2018-04-01T16:00:35","guid":{"rendered":"http:\/\/thoelke-engineering.de\/?page_id=6"},"modified":"2024-12-27T15:54:47","modified_gmt":"2024-12-27T15:54:47","slug":"profil","status":"publish","type":"page","link":"https:\/\/thoelke-engineering.de\/?page_id=6","title":{"rendered":"Profil"},"content":{"rendered":"<p>Das Ingenieurb\u00fcro <strong>THOELKE Engineering<\/strong> blickt auf \u00fcber 30 Jahre Erfahrung in der Industrieautomation und Softwareentwicklung zur\u00fcck.<\/p>\n<p>Unsere Kernkompetenzen umfassen:<\/p>\n<ul data-spread=\"false\">\n<li><strong>Engineering<\/strong><\/li>\n<li><strong>Prozessleittechnik und Visualisierung<\/strong><\/li>\n<li><strong>Anlagenautomatisierung und SPS-Programmierung<\/strong><\/li>\n<li><strong>Datenbankapplikationen<\/strong><\/li>\n<\/ul>\n<div>\n<hr \/>\n<\/div>\n<h3>Branchen &amp; Zielgruppen<\/h3>\n<p>Wir bieten ma\u00dfgeschneiderte L\u00f6sungen f\u00fcr die folgenden Branchen:<\/p>\n<ul data-spread=\"false\">\n<li>Maschinenbau<\/li>\n<li>Anlagenbau<\/li>\n<li>Verpackungsindustrie<\/li>\n<li>F\u00f6rdertechnik<\/li>\n<li>Elektroausr\u00fcstung<\/li>\n<\/ul>\n<div>\n<hr \/>\n<\/div>\n<h3>Unser Service<\/h3>\n<p>Wir unterst\u00fctzen Sie in jeder Phase Ihres Projekts \u2013 von der Konzeption \u00fcber die Systemanalyse und Projektierung bis zur Inbetriebnahme.<\/p>\n<p><strong>Ihre Vorteile:<\/strong><\/p>\n<ul data-spread=\"false\">\n<li>Flexibilit\u00e4t: Wir passen uns Ihren Anforderungen an.<\/li>\n<li>Kapazit\u00e4tsengp\u00e4sse? Wir stehen Ihnen zur Seite.<\/li>\n<li>Schnelle und effiziente L\u00f6sungen durch langj\u00e4hrige Expertise.<\/li>\n<\/ul>\n<div>\n<hr \/>\n<\/div>\n<h3>Leistungen im Detail<\/h3>\n<h4>Technische Konzeption und Systemanalyse<\/h4>\n<p>Haben Sie Automatisierungsaufgaben? Teilen Sie uns Ihre Anforderungen mit! Wir entwickeln ein passgenaues Konzept und erstellen eine fundierte Kostenanalyse basierend auf unserer Erfahrung.<\/p>\n<h4>Visualisierung<\/h4>\n<p>Beratung, Planung und Realisierung von Visualisierungssystemen f\u00fcr Maschinen- und Anlagensteuerung mit:<\/p>\n<ul data-spread=\"false\">\n<li><strong>InTouch<\/strong><\/li>\n<li><strong>Win-CC<\/strong><\/li>\n<li><strong>ProTool<\/strong><\/li>\n<li><strong>TIA Portal<\/strong><\/li>\n<\/ul>\n<h4>Automatisierung<\/h4>\n<p>Beratung, Planung und Umsetzung von Anlagen- und SPS-Automatisierung mit:<\/p>\n<ul data-spread=\"false\">\n<li><strong>Siemens S7<\/strong><\/li>\n<li><strong>TIA Portal<\/strong><\/li>\n<\/ul>\n<h4>Softwareentwicklung<\/h4>\n<p>Individuelle Softwareentwicklung in verschiedenen Programmiersprachen wie:<\/p>\n<ul data-spread=\"false\">\n<li><strong>C++<\/strong>, <strong>VBA<\/strong>, <strong>Access<\/strong><\/li>\n<\/ul>\n<p>Unsere L\u00f6sungen sind auf Windows-Betriebssysteme abgestimmt und garantieren h\u00f6chste Zuverl\u00e4ssigkeit.<\/p>\n","protected":false},"excerpt":{"rendered":"<p>Das Ingenieurb\u00fcro THOELKE Engineering blickt auf \u00fcber 30 Jahre Erfahrung in der Industrieautomation und Softwareentwicklung zur\u00fcck. Unsere Kernkompetenzen umfassen: Engineering Prozessleittechnik und Visualisierung Anlagenautomatisierung und SPS-Programmierung Datenbankapplikationen Branchen &amp; Zielgruppen Wir bieten ma\u00dfgeschneiderte L\u00f6sungen f\u00fcr die folgenden Branchen: Maschinenbau Anlagenbau Verpackungsindustrie F\u00f6rdertechnik Elektroausr\u00fcstung Unser Service Wir unterst\u00fctzen Sie in jeder Phase Ihres Projekts \u2013 von [&hellip;]<\/p>\n","protected":false},"author":1,"featured_media":0,"parent":0,"menu_order":0,"comment_status":"closed","ping_status":"closed","template":"","meta":{"footnotes":""},"class_list":["post-6","page","type-page","status-publish","hentry"],"_links":{"self":[{"href":"https:\/\/thoelke-engineering.de\/index.php?rest_route=\/wp\/v2\/pages\/6","targetHints":{"allow":["GET"]}}],"collection":[{"href":"https:\/\/thoelke-engineering.de\/index.php?rest_route=\/wp\/v2\/pages"}],"about":[{"href":"https:\/\/thoelke-engineering.de\/index.php?rest_route=\/wp\/v2\/types\/page"}],"author":[{"embeddable":true,"href":"https:\/\/thoelke-engineering.de\/index.php?rest_route=\/wp\/v2\/users\/1"}],"replies":[{"embeddable":true,"href":"https:\/\/thoelke-engineering.de\/index.php?rest_route=%2Fwp%2Fv2%2Fcomments&post=6"}],"version-history":[{"count":7,"href":"https:\/\/thoelke-engineering.de\/index.php?rest_route=\/wp\/v2\/pages\/6\/revisions"}],"predecessor-version":[{"id":263,"href":"https:\/\/thoelke-engineering.de\/index.php?rest_route=\/wp\/v2\/pages\/6\/revisions\/263"}],"wp:attachment":[{"href":"https:\/\/thoelke-engineering.de\/index.php?rest_route=%2Fwp%2Fv2%2Fmedia&parent=6"}],"curies":[{"name":"wp","href":"https:\/\/api.w.org\/{rel}","templated":true}]}}