{"id":48,"date":"2018-04-01T16:42:17","date_gmt":"2018-04-01T16:42:17","guid":{"rendered":"http:\/\/thoelke-engineering.de\/?page_id=48"},"modified":"2024-12-27T16:13:39","modified_gmt":"2024-12-27T16:13:39","slug":"sps","status":"publish","type":"page","link":"https:\/\/thoelke-engineering.de\/?page_id=48","title":{"rendered":"Speicherprogrammierbare Steuerungen"},"content":{"rendered":"<p><!--more--><\/p>\n<p><img fetchpriority=\"high\" decoding=\"async\" class=\"size-medium wp-image-84 alignright\" src=\"http:\/\/thoelke-engineering.de\/wp-content\/uploads\/2018\/04\/sps-300x225.jpg\" alt=\"\" width=\"300\" height=\"225\" srcset=\"https:\/\/thoelke-engineering.de\/wp-content\/uploads\/2018\/04\/sps-300x225.jpg 300w, https:\/\/thoelke-engineering.de\/wp-content\/uploads\/2018\/04\/sps.jpg 448w\" sizes=\"(max-width: 300px) 100vw, 300px\" \/><\/p>\n<h3 data-pm-slice=\"0 0 []\">Speicherprogrammierbare Steuerungen (SPS)<\/h3>\n<h4>Beratung, Planung und Umsetzung<\/h4>\n<p>Wir sind Ihr verl\u00e4sslicher Partner f\u00fcr die professionelle Automatisierung von Anlagen und Prozessen mit speicherprogrammierbaren Steuerungen (SPS). Unser Leistungsangebot umfasst:<\/p>\n<ul data-spread=\"false\">\n<li><strong>Beratung und Konzeption:<\/strong> Ma\u00dfgeschneiderte L\u00f6sungen f\u00fcr Ihre individuellen Anforderungen.<\/li>\n<li><strong>Projektplanung:<\/strong> Pr\u00e4zise Planung f\u00fcr effiziente und zuverl\u00e4ssige Umsetzung.<\/li>\n<li><strong>Ausf\u00fchrung:<\/strong> Professionelle Implementierung Ihrer Automatisierungsprojekte.<\/li>\n<\/ul>\n<div>\n<hr \/>\n<\/div>\n<h4>Unsere Expertise<\/h4>\n<p>Wir arbeiten mit f\u00fchrenden Herstellern und deren Produkten, darunter:<\/p>\n<ul data-spread=\"false\">\n<li><strong>Siemens<\/strong><\/li>\n<li><strong>Beckhoff<\/strong><\/li>\n<li><strong>Allen-Bradley<\/strong><\/li>\n<\/ul>\n<p>Unsere Erfahrung und Expertise garantieren eine reibungslose Integration und optimale Leistung Ihrer Systeme.<\/p>\n<div>\n<hr \/>\n<\/div>\n<h4>Unser Leistungsspektrum<\/h4>\n<ul data-spread=\"false\">\n<li><strong>Projektierung:<\/strong> Planung und Design Ihrer Automatisierungsl\u00f6sung.<\/li>\n<li><strong>Inbetriebnahme:<\/strong> Sicherstellung eines reibungslosen Starts Ihrer Systeme.<\/li>\n<li><strong>Personalschulung:<\/strong> Praxisorientierte Schulungen f\u00fcr Ihre Mitarbeiter.<\/li>\n<li><strong>Wartung und Instandhaltung:<\/strong> Langfristige Betreuung und Optimierung Ihrer Anlagen.<\/li>\n<\/ul>\n<p>Profitieren Sie von unserer langj\u00e4hrigen Erfahrung und unserem Engagement f\u00fcr innovative und effiziente Automatisierungsl\u00f6sungen.<\/p>\n<p>&nbsp;<\/p>\n","protected":false},"excerpt":{"rendered":"","protected":false},"author":1,"featured_media":53,"parent":0,"menu_order":0,"comment_status":"closed","ping_status":"closed","template":"","meta":{"footnotes":""},"class_list":["post-48","page","type-page","status-publish","has-post-thumbnail","hentry"],"_links":{"self":[{"href":"https:\/\/thoelke-engineering.de\/index.php?rest_route=\/wp\/v2\/pages\/48","targetHints":{"allow":["GET"]}}],"collection":[{"href":"https:\/\/thoelke-engineering.de\/index.php?rest_route=\/wp\/v2\/pages"}],"about":[{"href":"https:\/\/thoelke-engineering.de\/index.php?rest_route=\/wp\/v2\/types\/page"}],"author":[{"embeddable":true,"href":"https:\/\/thoelke-engineering.de\/index.php?rest_route=\/wp\/v2\/users\/1"}],"replies":[{"embeddable":true,"href":"https:\/\/thoelke-engineering.de\/index.php?rest_route=%2Fwp%2Fv2%2Fcomments&post=48"}],"version-history":[{"count":9,"href":"https:\/\/thoelke-engineering.de\/index.php?rest_route=\/wp\/v2\/pages\/48\/revisions"}],"predecessor-version":[{"id":271,"href":"https:\/\/thoelke-engineering.de\/index.php?rest_route=\/wp\/v2\/pages\/48\/revisions\/271"}],"wp:featuredmedia":[{"embeddable":true,"href":"https:\/\/thoelke-engineering.de\/index.php?rest_route=\/wp\/v2\/media\/53"}],"wp:attachment":[{"href":"https:\/\/thoelke-engineering.de\/index.php?rest_route=%2Fwp%2Fv2%2Fmedia&parent=48"}],"curies":[{"name":"wp","href":"https:\/\/api.w.org\/{rel}","templated":true}]}}