{"id":197,"date":"2024-12-27T14:31:53","date_gmt":"2024-12-27T14:31:53","guid":{"rendered":"https:\/\/thoelke-engineering.de\/?page_id=197"},"modified":"2024-12-27T18:29:06","modified_gmt":"2024-12-27T18:29:06","slug":"home-2","status":"publish","type":"page","link":"https:\/\/thoelke-engineering.de\/","title":{"rendered":"Home"},"content":{"rendered":"\t\t<div data-elementor-type=\"wp-page\" data-elementor-id=\"197\" class=\"elementor elementor-197\">\n\t\t\t\t<div class=\"elementor-element elementor-element-7426c920 e-flex e-con-boxed e-con e-parent\" data-id=\"7426c920\" data-element_type=\"container\" data-settings=\"{&quot;background_background&quot;:&quot;slideshow&quot;,&quot;background_slideshow_gallery&quot;:[{&quot;id&quot;:328,&quot;url&quot;:&quot;https:\\\/\\\/thoelke-engineering.de\\\/wp-content\\\/uploads\\\/2024\\\/12\\\/industrial.jpg&quot;}],&quot;background_slideshow_loop&quot;:&quot;yes&quot;,&quot;background_slideshow_slide_duration&quot;:5000,&quot;background_slideshow_slide_transition&quot;:&quot;fade&quot;,&quot;background_slideshow_transition_duration&quot;:500}\">\n\t\t\t\t\t<div class=\"e-con-inner\">\n\t\t\t\t<div class=\"elementor-element elementor-element-4a0fd027 elementor-widget elementor-widget-heading\" data-id=\"4a0fd027\" data-element_type=\"widget\" data-widget_type=\"heading.default\">\n\t\t\t\t<div class=\"elementor-widget-container\">\n\t\t\t\t\t<h1 class=\"elementor-heading-title elementor-size-default\">THOELKE Engineering<\/h1>\t\t\t\t<\/div>\n\t\t\t\t<\/div>\n\t\t\t\t<div class=\"elementor-element elementor-element-34701c6 elementor-widget elementor-widget-text-editor\" data-id=\"34701c6\" data-element_type=\"widget\" data-widget_type=\"text-editor.default\">\n\t\t\t\t<div class=\"elementor-widget-container\">\n\t\t\t\t\t\t\t\t\t<h5 style=\"text-align: center;\"><span style=\"color: #ffffff;\">Industrial Solutions Today <\/span><\/h5><h5 style=\"text-align: center;\"><span style=\"color: #ffffff;\">Technologische Expertise f\u00fcr ma\u00dfgeschneiderte Automatisierung \u2013 Effizienz, Pr\u00e4zision und Innovation seit \u00fcber 30 Jahren.<\/span><\/h5>\t\t\t\t\t\t\t\t<\/div>\n\t\t\t\t<\/div>\n\t\t\t\t<div class=\"elementor-element elementor-element-4b7c188d elementor-align-center elementor-widget elementor-widget-button\" data-id=\"4b7c188d\" data-element_type=\"widget\" data-widget_type=\"button.default\">\n\t\t\t\t<div class=\"elementor-widget-container\">\n\t\t\t\t\t\t\t\t\t<div class=\"elementor-button-wrapper\">\n\t\t\t\t\t<a class=\"elementor-button elementor-button-link elementor-size-sm\" href=\"mailto:kthoelke@thoelke-engineering.de\">\n\t\t\t\t\t\t<span class=\"elementor-button-content-wrapper\">\n\t\t\t\t\t\t\t\t\t<span class=\"elementor-button-text\">Kontakt (Mail)<\/span>\n\t\t\t\t\t<\/span>\n\t\t\t\t\t<\/a>\n\t\t\t\t<\/div>\n\t\t\t\t\t\t\t\t<\/div>\n\t\t\t\t<\/div>\n\t\t\t\t\t<\/div>\n\t\t\t\t<\/div>\n\t\t<div class=\"elementor-element elementor-element-3034535b e-con-full e-flex e-con e-parent\" data-id=\"3034535b\" data-element_type=\"container\">\n\t\t<div class=\"elementor-element elementor-element-6a263b30 e-con-full e-flex e-con e-child\" data-id=\"6a263b30\" data-element_type=\"container\">\n\t\t\t\t<div class=\"elementor-element elementor-element-39b4cc8f elementor-widget elementor-widget-heading\" data-id=\"39b4cc8f\" data-element_type=\"widget\" data-widget_type=\"heading.default\">\n\t\t\t\t<div class=\"elementor-widget-container\">\n\t\t\t\t\t<h3 class=\"elementor-heading-title elementor-size-default\">Industrieautomation \u2013 Zukunft gestalten<\/h3>\t\t\t\t<\/div>\n\t\t\t\t<\/div>\n\t\t\t\t<div class=\"elementor-element elementor-element-2ef045f7 elementor-widget elementor-widget-heading\" data-id=\"2ef045f7\" data-element_type=\"widget\" data-widget_type=\"heading.default\">\n\t\t\t\t<div class=\"elementor-widget-container\">\n\t\t\t\t\t<h5 class=\"elementor-heading-title elementor-size-default\">Dipl. ing karl thoelke<\/h5>\t\t\t\t<\/div>\n\t\t\t\t<\/div>\n\t\t\t\t<div class=\"elementor-element elementor-element-6cca1cbf elementor-widget elementor-widget-text-editor\" data-id=\"6cca1cbf\" data-element_type=\"widget\" data-widget_type=\"text-editor.default\">\n\t\t\t\t<div class=\"elementor-widget-container\">\n\t\t\t\t\t\t\t\t\t<p data-pm-slice=\"1 1 []\">THOELKE Engineering \u2013 mehr als 30 Jahre Innovation und Pr\u00e4zision in der Industrieautomatisierung. Mit weltweitem Einsatz entwickeln wir ma\u00dfgeschneiderte L\u00f6sungen, die Ihre Prozesse effizienter und zukunftssicher machen.<\/p>\t\t\t\t\t\t\t\t<\/div>\n\t\t\t\t<\/div>\n\t\t\t\t<div class=\"elementor-element elementor-element-5b473ebf elementor-invisible elementor-widget elementor-widget-button\" data-id=\"5b473ebf\" data-element_type=\"widget\" data-settings=\"{&quot;_animation&quot;:&quot;fadeInDown&quot;}\" data-widget_type=\"button.default\">\n\t\t\t\t<div class=\"elementor-widget-container\">\n\t\t\t\t\t\t\t\t\t<div class=\"elementor-button-wrapper\">\n\t\t\t\t\t<a class=\"elementor-button elementor-button-link elementor-size-sm\" href=\"https:\/\/thoelke-engineering.de\/?page_id=6\">\n\t\t\t\t\t\t<span class=\"elementor-button-content-wrapper\">\n\t\t\t\t\t\t\t\t\t<span class=\"elementor-button-text\">Mehr erfahren<\/span>\n\t\t\t\t\t<\/span>\n\t\t\t\t\t<\/a>\n\t\t\t\t<\/div>\n\t\t\t\t\t\t\t\t<\/div>\n\t\t\t\t<\/div>\n\t\t\t\t<\/div>\n\t\t<div class=\"elementor-element elementor-element-5b47e6ab e-con-full e-flex e-con e-child\" data-id=\"5b47e6ab\" data-element_type=\"container\">\n\t\t\t\t<div class=\"elementor-element elementor-element-3f9683f3 elementor-widget elementor-widget-image\" data-id=\"3f9683f3\" data-element_type=\"widget\" data-widget_type=\"image.default\">\n\t\t\t\t<div class=\"elementor-widget-container\">\n\t\t\t\t\t\t\t\t\t\t\t\t\t\t\t<img fetchpriority=\"high\" decoding=\"async\" width=\"2000\" height=\"750\" src=\"https:\/\/thoelke-engineering.de\/wp-content\/uploads\/2021\/04\/gebaeude.png\" class=\"attachment-full size-full wp-image-159\" alt=\"\" srcset=\"https:\/\/thoelke-engineering.de\/wp-content\/uploads\/2021\/04\/gebaeude.png 2000w, https:\/\/thoelke-engineering.de\/wp-content\/uploads\/2021\/04\/gebaeude-300x113.png 300w, https:\/\/thoelke-engineering.de\/wp-content\/uploads\/2021\/04\/gebaeude-1024x384.png 1024w, https:\/\/thoelke-engineering.de\/wp-content\/uploads\/2021\/04\/gebaeude-768x288.png 768w, https:\/\/thoelke-engineering.de\/wp-content\/uploads\/2021\/04\/gebaeude-1536x576.png 1536w\" sizes=\"(max-width: 2000px) 100vw, 2000px\" \/>\t\t\t\t\t\t\t\t\t\t\t\t\t\t\t<\/div>\n\t\t\t\t<\/div>\n\t\t\t\t<\/div>\n\t\t\t\t<\/div>\n\t\t<div class=\"elementor-element elementor-element-a0f57ec e-con-full e-flex e-con e-parent\" data-id=\"a0f57ec\" data-element_type=\"container\" data-settings=\"{&quot;background_background&quot;:&quot;slideshow&quot;,&quot;background_slideshow_gallery&quot;:[],&quot;background_slideshow_loop&quot;:&quot;yes&quot;,&quot;background_slideshow_slide_duration&quot;:5000,&quot;background_slideshow_slide_transition&quot;:&quot;fade&quot;,&quot;background_slideshow_transition_duration&quot;:500}\">\n\t\t<div class=\"elementor-element elementor-element-7380471 e-con-full e-flex e-con e-child\" data-id=\"7380471\" data-element_type=\"container\" data-settings=\"{&quot;background_background&quot;:&quot;slideshow&quot;,&quot;background_slideshow_gallery&quot;:[{&quot;id&quot;:360,&quot;url&quot;:&quot;https:\\\/\\\/thoelke-engineering.de\\\/wp-content\\\/uploads\\\/2024\\\/12\\\/teilgebiete-scaled.jpg&quot;}],&quot;background_slideshow_loop&quot;:&quot;yes&quot;,&quot;background_slideshow_slide_duration&quot;:5000,&quot;background_slideshow_slide_transition&quot;:&quot;fade&quot;,&quot;background_slideshow_transition_duration&quot;:500}\">\n\t\t\t\t<div class=\"elementor-element elementor-element-49b32ff7 elementor-widget elementor-widget-heading\" data-id=\"49b32ff7\" data-element_type=\"widget\" data-widget_type=\"heading.default\">\n\t\t\t\t<div class=\"elementor-widget-container\">\n\t\t\t\t\t<h1 class=\"elementor-heading-title elementor-size-default\">Kernbereiche<\/h1>\t\t\t\t<\/div>\n\t\t\t\t<\/div>\n\t\t\t\t<div class=\"elementor-element elementor-element-825c12f elementor-widget elementor-widget-heading\" data-id=\"825c12f\" data-element_type=\"widget\" data-widget_type=\"heading.default\">\n\t\t\t\t<div class=\"elementor-widget-container\">\n\t\t\t\t\t<h5 class=\"elementor-heading-title elementor-size-default\">Teilgebiete, in denen wir h\u00f6chste Expertise und passgenaue L\u00f6sungen bieten:\n\n<\/h5>\t\t\t\t<\/div>\n\t\t\t\t<\/div>\n\t\t\t\t<\/div>\n\t\t<div class=\"elementor-element elementor-element-bc61534 e-grid e-con-boxed e-con e-child\" data-id=\"bc61534\" data-element_type=\"container\">\n\t\t\t\t\t<div class=\"e-con-inner\">\n\t\t\t\t<div class=\"elementor-element elementor-element-2df57e8 elementor-widget elementor-widget-image\" data-id=\"2df57e8\" data-element_type=\"widget\" data-widget_type=\"image.default\">\n\t\t\t\t<div class=\"elementor-widget-container\">\n\t\t\t\t\t\t\t\t\t\t\t\t\t\t\t<img decoding=\"async\" width=\"800\" height=\"800\" src=\"https:\/\/thoelke-engineering.de\/wp-content\/uploads\/2024\/12\/DALL\u00b7E-2024-12-27-17.22.49-A-rectangular-modern-minimalist-icon-featuring-a-laptop-with-open-lines-of-code-on-the-screen.-The-laptop-is-surrounded-by-floating-database-symbols-.webp\" class=\"attachment-large size-large wp-image-279\" alt=\"\" srcset=\"https:\/\/thoelke-engineering.de\/wp-content\/uploads\/2024\/12\/DALL\u00b7E-2024-12-27-17.22.49-A-rectangular-modern-minimalist-icon-featuring-a-laptop-with-open-lines-of-code-on-the-screen.-The-laptop-is-surrounded-by-floating-database-symbols-.webp 1024w, https:\/\/thoelke-engineering.de\/wp-content\/uploads\/2024\/12\/DALL\u00b7E-2024-12-27-17.22.49-A-rectangular-modern-minimalist-icon-featuring-a-laptop-with-open-lines-of-code-on-the-screen.-The-laptop-is-surrounded-by-floating-database-symbols--300x300.webp 300w, https:\/\/thoelke-engineering.de\/wp-content\/uploads\/2024\/12\/DALL\u00b7E-2024-12-27-17.22.49-A-rectangular-modern-minimalist-icon-featuring-a-laptop-with-open-lines-of-code-on-the-screen.-The-laptop-is-surrounded-by-floating-database-symbols--150x150.webp 150w, https:\/\/thoelke-engineering.de\/wp-content\/uploads\/2024\/12\/DALL\u00b7E-2024-12-27-17.22.49-A-rectangular-modern-minimalist-icon-featuring-a-laptop-with-open-lines-of-code-on-the-screen.-The-laptop-is-surrounded-by-floating-database-symbols--768x768.webp 768w\" sizes=\"(max-width: 800px) 100vw, 800px\" \/>\t\t\t\t\t\t\t\t\t\t\t\t\t\t\t<\/div>\n\t\t\t\t<\/div>\n\t\t<div class=\"elementor-element elementor-element-95903bd e-con-full e-flex e-con e-child\" data-id=\"95903bd\" data-element_type=\"container\">\n\t\t\t\t<div class=\"elementor-element elementor-element-bea26ce elementor-widget elementor-widget-heading\" data-id=\"bea26ce\" data-element_type=\"widget\" data-widget_type=\"heading.default\">\n\t\t\t\t<div class=\"elementor-widget-container\">\n\t\t\t\t\t<h2 class=\"elementor-heading-title elementor-size-default\">Softwareentwicklung &amp; Datenbanken<\/h2>\t\t\t\t<\/div>\n\t\t\t\t<\/div>\n\t\t\t\t<div class=\"elementor-element elementor-element-536be0f elementor-widget elementor-widget-text-editor\" data-id=\"536be0f\" data-element_type=\"widget\" data-widget_type=\"text-editor.default\">\n\t\t\t\t<div class=\"elementor-widget-container\">\n\t\t\t\t\t\t\t\t\t<p>Innovative Software- und Systeml\u00f6sungen f\u00fcr Echtzeit-Prozesssteuerung, pr\u00e4zise Automatisierung und effizientes Monitoring \u2013 perfekt abgestimmt auf Ihre Anforderungen.<\/p>\t\t\t\t\t\t\t\t<\/div>\n\t\t\t\t<\/div>\n\t\t\t\t<div class=\"elementor-element elementor-element-da42fc6 elementor-align-left elementor-widget elementor-widget-button\" data-id=\"da42fc6\" data-element_type=\"widget\" data-widget_type=\"button.default\">\n\t\t\t\t<div class=\"elementor-widget-container\">\n\t\t\t\t\t\t\t\t\t<div class=\"elementor-button-wrapper\">\n\t\t\t\t\t<a class=\"elementor-button elementor-button-link elementor-size-sm\" href=\"https:\/\/thoelke-engineering.de\/?page_id=48\">\n\t\t\t\t\t\t<span class=\"elementor-button-content-wrapper\">\n\t\t\t\t\t\t\t\t\t<span class=\"elementor-button-text\">Mehr erfahren<\/span>\n\t\t\t\t\t<\/span>\n\t\t\t\t\t<\/a>\n\t\t\t\t<\/div>\n\t\t\t\t\t\t\t\t<\/div>\n\t\t\t\t<\/div>\n\t\t\t\t<div class=\"elementor-element elementor-element-a051af1 elementor-widget-divider--view-line elementor-widget elementor-widget-divider\" data-id=\"a051af1\" data-element_type=\"widget\" data-widget_type=\"divider.default\">\n\t\t\t\t<div class=\"elementor-widget-container\">\n\t\t\t\t\t\t\t<div class=\"elementor-divider\">\n\t\t\t<span class=\"elementor-divider-separator\">\n\t\t\t\t\t\t<\/span>\n\t\t<\/div>\n\t\t\t\t\t\t<\/div>\n\t\t\t\t<\/div>\n\t\t\t\t<\/div>\n\t\t\t\t<div class=\"elementor-element elementor-element-3ff6569 elementor-widget elementor-widget-image\" data-id=\"3ff6569\" data-element_type=\"widget\" data-widget_type=\"image.default\">\n\t\t\t\t<div class=\"elementor-widget-container\">\n\t\t\t\t\t\t\t\t\t\t\t\t\t\t\t<img decoding=\"async\" width=\"800\" height=\"800\" src=\"https:\/\/thoelke-engineering.de\/wp-content\/uploads\/2024\/12\/DALL\u00b7E-2024-12-27-17.22.52-A-rectangular-minimalist-icon-depicting-a-stylized-programmable-logic-controller-PLC-device-with-connected-cables-and-glowing-status-indicators.-The.webp\" class=\"attachment-large size-large wp-image-278\" alt=\"\" srcset=\"https:\/\/thoelke-engineering.de\/wp-content\/uploads\/2024\/12\/DALL\u00b7E-2024-12-27-17.22.52-A-rectangular-minimalist-icon-depicting-a-stylized-programmable-logic-controller-PLC-device-with-connected-cables-and-glowing-status-indicators.-The.webp 1024w, https:\/\/thoelke-engineering.de\/wp-content\/uploads\/2024\/12\/DALL\u00b7E-2024-12-27-17.22.52-A-rectangular-minimalist-icon-depicting-a-stylized-programmable-logic-controller-PLC-device-with-connected-cables-and-glowing-status-indicators.-The-300x300.webp 300w, https:\/\/thoelke-engineering.de\/wp-content\/uploads\/2024\/12\/DALL\u00b7E-2024-12-27-17.22.52-A-rectangular-minimalist-icon-depicting-a-stylized-programmable-logic-controller-PLC-device-with-connected-cables-and-glowing-status-indicators.-The-150x150.webp 150w, https:\/\/thoelke-engineering.de\/wp-content\/uploads\/2024\/12\/DALL\u00b7E-2024-12-27-17.22.52-A-rectangular-minimalist-icon-depicting-a-stylized-programmable-logic-controller-PLC-device-with-connected-cables-and-glowing-status-indicators.-The-768x768.webp 768w\" sizes=\"(max-width: 800px) 100vw, 800px\" \/>\t\t\t\t\t\t\t\t\t\t\t\t\t\t\t<\/div>\n\t\t\t\t<\/div>\n\t\t<div class=\"elementor-element elementor-element-071afd5 e-con-full e-flex e-con e-child\" data-id=\"071afd5\" data-element_type=\"container\">\n\t\t\t\t<div class=\"elementor-element elementor-element-d1b5a5e elementor-widget elementor-widget-heading\" data-id=\"d1b5a5e\" data-element_type=\"widget\" data-widget_type=\"heading.default\">\n\t\t\t\t<div class=\"elementor-widget-container\">\n\t\t\t\t\t<h2 class=\"elementor-heading-title elementor-size-default\">Speicherprogrammierbare Steuerungen<\/h2>\t\t\t\t<\/div>\n\t\t\t\t<\/div>\n\t\t\t\t<div class=\"elementor-element elementor-element-9c1f809 elementor-widget elementor-widget-text-editor\" data-id=\"9c1f809\" data-element_type=\"widget\" data-widget_type=\"text-editor.default\">\n\t\t\t\t<div class=\"elementor-widget-container\">\n\t\t\t\t\t\t\t\t\t<p>Effiziente Automatisierungsl\u00f6sungen mit modernster SPS-Technologie \u2013 von der Beratung bis zur langfristigen Betreuung, alles aus einer Hand.<\/p>\t\t\t\t\t\t\t\t<\/div>\n\t\t\t\t<\/div>\n\t\t\t\t<div class=\"elementor-element elementor-element-3ebc8ae elementor-align-left elementor-widget elementor-widget-button\" data-id=\"3ebc8ae\" data-element_type=\"widget\" data-widget_type=\"button.default\">\n\t\t\t\t<div class=\"elementor-widget-container\">\n\t\t\t\t\t\t\t\t\t<div class=\"elementor-button-wrapper\">\n\t\t\t\t\t<a class=\"elementor-button elementor-button-link elementor-size-sm\" href=\"https:\/\/thoelke-engineering.de\/?page_id=48\">\n\t\t\t\t\t\t<span class=\"elementor-button-content-wrapper\">\n\t\t\t\t\t\t\t\t\t<span class=\"elementor-button-text\">Mehr erfahren<\/span>\n\t\t\t\t\t<\/span>\n\t\t\t\t\t<\/a>\n\t\t\t\t<\/div>\n\t\t\t\t\t\t\t\t<\/div>\n\t\t\t\t<\/div>\n\t\t\t\t<div class=\"elementor-element elementor-element-b2a17ee elementor-widget-divider--view-line elementor-widget elementor-widget-divider\" data-id=\"b2a17ee\" data-element_type=\"widget\" data-widget_type=\"divider.default\">\n\t\t\t\t<div class=\"elementor-widget-container\">\n\t\t\t\t\t\t\t<div class=\"elementor-divider\">\n\t\t\t<span class=\"elementor-divider-separator\">\n\t\t\t\t\t\t<\/span>\n\t\t<\/div>\n\t\t\t\t\t\t<\/div>\n\t\t\t\t<\/div>\n\t\t\t\t<\/div>\n\t\t\t\t<div class=\"elementor-element elementor-element-8e8851b elementor-widget elementor-widget-image\" data-id=\"8e8851b\" data-element_type=\"widget\" data-widget_type=\"image.default\">\n\t\t\t\t<div class=\"elementor-widget-container\">\n\t\t\t\t\t\t\t\t\t\t\t\t\t\t\t<img loading=\"lazy\" decoding=\"async\" width=\"800\" height=\"800\" src=\"https:\/\/thoelke-engineering.de\/wp-content\/uploads\/2024\/12\/DALL\u00b7E-2024-12-27-17.22.53-A-rectangular-minimalist-icon-featuring-a-stylized-control-panel-with-multiple-screens-displaying-graphical-visualizations-such-as-curves-charts-and.webp\" class=\"attachment-large size-large wp-image-277\" alt=\"\" srcset=\"https:\/\/thoelke-engineering.de\/wp-content\/uploads\/2024\/12\/DALL\u00b7E-2024-12-27-17.22.53-A-rectangular-minimalist-icon-featuring-a-stylized-control-panel-with-multiple-screens-displaying-graphical-visualizations-such-as-curves-charts-and.webp 1024w, https:\/\/thoelke-engineering.de\/wp-content\/uploads\/2024\/12\/DALL\u00b7E-2024-12-27-17.22.53-A-rectangular-minimalist-icon-featuring-a-stylized-control-panel-with-multiple-screens-displaying-graphical-visualizations-such-as-curves-charts-and-300x300.webp 300w, https:\/\/thoelke-engineering.de\/wp-content\/uploads\/2024\/12\/DALL\u00b7E-2024-12-27-17.22.53-A-rectangular-minimalist-icon-featuring-a-stylized-control-panel-with-multiple-screens-displaying-graphical-visualizations-such-as-curves-charts-and-150x150.webp 150w, https:\/\/thoelke-engineering.de\/wp-content\/uploads\/2024\/12\/DALL\u00b7E-2024-12-27-17.22.53-A-rectangular-minimalist-icon-featuring-a-stylized-control-panel-with-multiple-screens-displaying-graphical-visualizations-such-as-curves-charts-and-768x768.webp 768w\" sizes=\"(max-width: 800px) 100vw, 800px\" \/>\t\t\t\t\t\t\t\t\t\t\t\t\t\t\t<\/div>\n\t\t\t\t<\/div>\n\t\t<div class=\"elementor-element elementor-element-0260d48 e-con-full e-flex e-con e-child\" data-id=\"0260d48\" data-element_type=\"container\">\n\t\t\t\t<div class=\"elementor-element elementor-element-bbe38c0 elementor-widget elementor-widget-heading\" data-id=\"bbe38c0\" data-element_type=\"widget\" data-widget_type=\"heading.default\">\n\t\t\t\t<div class=\"elementor-widget-container\">\n\t\t\t\t\t<h2 class=\"elementor-heading-title elementor-size-default\">Visualisierung und Leittechnik<\/h2>\t\t\t\t<\/div>\n\t\t\t\t<\/div>\n\t\t\t\t<div class=\"elementor-element elementor-element-77d5b84 elementor-widget elementor-widget-text-editor\" data-id=\"77d5b84\" data-element_type=\"widget\" data-widget_type=\"text-editor.default\">\n\t\t\t\t<div class=\"elementor-widget-container\">\n\t\t\t\t\t\t\t\t\t<p>Individuelle Visualisierungsl\u00f6sungen und Leittechnik f\u00fcr maximale Effizienz, Transparenz und Benutzerfreundlichkeit \u2013 ma\u00dfgeschneidert f\u00fcr Ihre Anlagen.<\/p>\t\t\t\t\t\t\t\t<\/div>\n\t\t\t\t<\/div>\n\t\t\t\t<div class=\"elementor-element elementor-element-0b2384f elementor-align-left elementor-widget elementor-widget-button\" data-id=\"0b2384f\" data-element_type=\"widget\" data-widget_type=\"button.default\">\n\t\t\t\t<div class=\"elementor-widget-container\">\n\t\t\t\t\t\t\t\t\t<div class=\"elementor-button-wrapper\">\n\t\t\t\t\t<a class=\"elementor-button elementor-button-link elementor-size-sm\" href=\"https:\/\/thoelke-engineering.de\/?page_id=46\">\n\t\t\t\t\t\t<span class=\"elementor-button-content-wrapper\">\n\t\t\t\t\t\t\t\t\t<span class=\"elementor-button-text\">Mehr erfahren<\/span>\n\t\t\t\t\t<\/span>\n\t\t\t\t\t<\/a>\n\t\t\t\t<\/div>\n\t\t\t\t\t\t\t\t<\/div>\n\t\t\t\t<\/div>\n\t\t\t\t<div class=\"elementor-element elementor-element-604da54 elementor-widget-divider--view-line elementor-widget elementor-widget-divider\" data-id=\"604da54\" data-element_type=\"widget\" data-widget_type=\"divider.default\">\n\t\t\t\t<div class=\"elementor-widget-container\">\n\t\t\t\t\t\t\t<div class=\"elementor-divider\">\n\t\t\t<span class=\"elementor-divider-separator\">\n\t\t\t\t\t\t<\/span>\n\t\t<\/div>\n\t\t\t\t\t\t<\/div>\n\t\t\t\t<\/div>\n\t\t\t\t<\/div>\n\t\t\t\t\t<\/div>\n\t\t\t\t<\/div>\n\t\t\t\t<\/div>\n\t\t\t\t<\/div>\n\t\t","protected":false},"excerpt":{"rendered":"<p>THOELKE Engineering Industrial Solutions Today Technologische Expertise f\u00fcr ma\u00dfgeschneiderte Automatisierung \u2013 Effizienz, Pr\u00e4zision und Innovation seit \u00fcber 30 Jahren. Kontakt (Mail) Industrieautomation \u2013 Zukunft gestalten Dipl. ing karl thoelke THOELKE Engineering \u2013 mehr als 30 Jahre Innovation und Pr\u00e4zision in der Industrieautomatisierung. Mit weltweitem Einsatz entwickeln wir ma\u00dfgeschneiderte L\u00f6sungen, die Ihre Prozesse effizienter und zukunftssicher [&hellip;]<\/p>\n","protected":false},"author":1,"featured_media":0,"parent":0,"menu_order":0,"comment_status":"closed","ping_status":"closed","template":"elementor_header_footer","meta":{"footnotes":""},"class_list":["post-197","page","type-page","status-publish","hentry"],"_links":{"self":[{"href":"https:\/\/thoelke-engineering.de\/index.php?rest_route=\/wp\/v2\/pages\/197","targetHints":{"allow":["GET"]}}],"collection":[{"href":"https:\/\/thoelke-engineering.de\/index.php?rest_route=\/wp\/v2\/pages"}],"about":[{"href":"https:\/\/thoelke-engineering.de\/index.php?rest_route=\/wp\/v2\/types\/page"}],"author":[{"embeddable":true,"href":"https:\/\/thoelke-engineering.de\/index.php?rest_route=\/wp\/v2\/users\/1"}],"replies":[{"embeddable":true,"href":"https:\/\/thoelke-engineering.de\/index.php?rest_route=%2Fwp%2Fv2%2Fcomments&post=197"}],"version-history":[{"count":160,"href":"https:\/\/thoelke-engineering.de\/index.php?rest_route=\/wp\/v2\/pages\/197\/revisions"}],"predecessor-version":[{"id":429,"href":"https:\/\/thoelke-engineering.de\/index.php?rest_route=\/wp\/v2\/pages\/197\/revisions\/429"}],"wp:attachment":[{"href":"https:\/\/thoelke-engineering.de\/index.php?rest_route=%2Fwp%2Fv2%2Fmedia&parent=197"}],"curies":[{"name":"wp","href":"https:\/\/api.w.org\/{rel}","templated":true}]}}